{"id":5696,"date":"2019-04-24T09:36:15","date_gmt":"2019-04-24T07:36:15","guid":{"rendered":"http:\/\/www.commerce31.com?page_id=5696"},"modified":"2023-11-23T09:39:15","modified_gmt":"2023-11-23T08:39:15","slug":"spa-et-bien-etre","status":"publish","type":"page","link":"https:\/\/www.commerce31.com\/new\/spa-et-bien-etre\/","title":{"rendered":"Spa et bien-\u00eatre"},"content":{"rendered":"<p>[vc_row full_width=\u00a0\u00bbstretch_row\u00a0\u00bb parallax=\u00a0\u00bbcontent-moving\u00a0\u00bb parallax_image=\u00a0\u00bb5518&Prime; enable_overlay=\u00a0\u00bbtrue\u00a0\u00bb bg_overlay=\u00a0\u00bbrgba(0,0,0,0.2)\u00a0\u00bb css=\u00a0\u00bb.vc_custom_1555341525267{padding-top: 150px !important;padding-bottom: 80px !important;}\u00a0\u00bb][vc_column]<div class=\"awe-special-heading text-center\" style=\"color:#ffffff;\"><h2 class=title>Espace bien-\u00eatre<\/h2><\/div>[\/vc_column][\/vc_row][vc_row][vc_column][\/vc_column][\/vc_row][vc_row][vc_column width=\u00a0\u00bb1\/2&Prime;]<div class=\"awe-special-heading text-left\"><h3 class=title>Se relaxer en toute harmonie \u00e0 l\u2019h\u00f4tel !<\/h3><\/div>[vc_column_text size=\u00a0\u00bb0&Prime;]<\/p>\n<p class=\"paragraphe\"><strong>Vous \u00e9vader et vous ressourcer dans les Pyr\u00e9n\u00e9es au fil des saisons !<br \/>\n<\/strong> Bienvenue dans votre univers de douceur au c\u0153ur de Saint-Gaudens\u2026 L\u2019H\u00f4tel Du Commerce vous propose une vraie parenth\u00e8se d\u00e9tente \u00e0 vivre lors de vos diff\u00e9rents s\u00e9jours de tourisme ou d\u2019affaires.<\/p>\n<p class=\"paragraphe\" style=\"margin-bottom: 12.0pt;\">Apr\u00e8s une journ\u00e9e de travail, de randonn\u00e9e dans le vert Comminges ou de ski, vous profiterez de notre nouvel espace bien-\u00eatre aux eaux vives de la Barousse. Au programme : jacuzzi, hammam, sauna finlandais, douche bithermique tropicale ou bithermique s\u00e9quentielle, chromoth\u00e9rapie, fitness\u2026<\/p>\n<p>[\/vc_column_text][\/vc_column][vc_column width=\u00a0\u00bb1\/2&Prime;][vc_gallery interval=\u00a0\u00bb3&Prime; images=\u00a0\u00bb5312,5311,5310,5309&Prime; img_size=\u00a0\u00bbfull\u00a0\u00bb][vc_column_text size=\u00a0\u00bb0&Prime;]<\/p>\n<table>\n<tbody>\n<tr>\n<td>Clients pr\u00e9sent \u00e0 l&rsquo;h\u00f4tel ou au restaurant<br \/>\nAcc\u00e8s au Spa<strong> 2h<\/strong><\/td>\n<td>\n<h3 style=\"text-align: right;\"><span style=\"color: #755f50;\">20.00\u20ac<\/span><\/h3>\n<\/td>\n<\/tr>\n<tr>\n<td>Clients ext\u00e9rieur<br \/>\nAcc\u00e8s au Spa<strong> 2h<\/strong><\/td>\n<td>\n<h3 style=\"text-align: right;\"><span style=\"color: #755f50;\">25.00\u20ac<\/span><\/h3>\n<\/td>\n<\/tr>\n<tr>\n<td>Massage Hawa\u00efen &amp; spa<\/td>\n<td>\n<h3 style=\"text-align: right;\"><span style=\"color: #755f50;\">85.00\u20ac<\/span><\/h3>\n<\/td>\n<\/tr>\n<\/tbody>\n<\/table>\n<p>[\/vc_column_text][\/vc_column][\/vc_row][vc_row][vc_column][\/vc_column][\/vc_row][vc_row][vc_column][vc_empty_space height=\u00a0\u00bb50&Prime;][\/vc_column][\/vc_row][vc_row full_width=\u00a0\u00bbstretch_row\u00a0\u00bb video_bg=\u00a0\u00bbyes\u00a0\u00bb video_bg_url=\u00a0\u00bbhttps:\/\/vimeo.com\/329321680&Prime; css=\u00a0\u00bb.vc_custom_1556472315472{background-image: url(http:\/\/www.commerce31.com\/new\/wp-content\/uploads\/2019\/04\/hotel4.jpg?id=5283) !important;background-position: center !important;background-repeat: no-repeat !important;background-size: cover !important;}\u00a0\u00bb][vc_column][vc_empty_space height=\u00a0\u00bb50&Prime;][vc_row_inner][vc_column_inner width=\u00a0\u00bb1\/3&Prime; offset=\u00a0\u00bbvc_col-lg-4&Prime;][\/vc_column_inner][vc_column_inner width=\u00a0\u00bb1\/3&Prime; css=\u00a0\u00bb.vc_custom_1555405629969{background-color: rgba(255,255,255,0.88) !important;*background-color: rgb(255,255,255) !important;}\u00a0\u00bb][vc_empty_space height=\u00a0\u00bb5px\u00a0\u00bb]<div class=\"awe-special-heading text-center\" style=\"color:#a09065;\"><h2 class=title>Offre sp\u00e9ciale<\/h2><\/div><div class=\"awe-special-heading text-center\"><h3 style=\"font-size:22px\" class=title>Forfait d\u00e9tente<\/h3><\/div>[vc_column_text size=\u00a0\u00bb0&Prime;]<\/p>\n<h1 style=\"text-align: center;\">-20%<\/h1>\n<p style=\"text-align: center;\">Clients pr\u00e9sent \u00e0 l\u2019h\u00f4tel ou au restaurant<br \/>\nAcc\u00e8s au Spa<strong> 2h<\/strong><\/p>\n<h1 style=\"text-align: center;\">20\u20ac<\/h1>\n<p>[\/vc_column_text]<div class=\"awe-btn-container awe-btn-center\"><a class=\"awe-btn awe-btn-large awe-btn-default\" href=\"https:\/\/www.contact-hotel.com\/reserver-hotel-france\/1064\/hotel-du-commerce-saint-gaudens.htm\" title=\"\" style=\"background-color:#000000;border-color:#000000\">R\u00e9server<\/a><\/div>[vc_empty_space height=\u00a0\u00bb15px\u00a0\u00bb][\/vc_column_inner][vc_column_inner width=\u00a0\u00bb1\/3&Prime;][\/vc_column_inner][\/vc_row_inner][vc_empty_space height=\u00a0\u00bb50&Prime;][\/vc_column][\/vc_row]<\/p>\n","protected":false},"excerpt":{"rendered":"<p>[vc_row full_width=\u00a0\u00bbstretch_row\u00a0\u00bb parallax=\u00a0\u00bbcontent-moving\u00a0\u00bb parallax_image=\u00a0\u00bb5518&Prime; enable_overlay=\u00a0\u00bbtrue\u00a0\u00bb bg_overlay=\u00a0\u00bbrgba(0,0,0,0.2)\u00a0\u00bb css=\u00a0\u00bb.vc_custom_1555341525267{padding-top: 150px !important;padding-bottom: 80px !important;}\u00a0\u00bb][vc_column][\/vc_column][\/vc_row][vc_row][vc_column][\/vc_column][\/vc_row][vc_row][vc_column width=\u00a0\u00bb1\/2&Prime;][vc_column_text size=\u00a0\u00bb0&Prime;] Vous \u00e9vader et vous ressourcer dans les Pyr\u00e9n\u00e9es au fil des saisons ! Bienvenue dans votre univers de douceur au c\u0153ur de Saint-Gaudens\u2026 L\u2019H\u00f4tel Du Commerce vous propose une vraie parenth\u00e8se d\u00e9tente \u00e0 vivre lors de vos diff\u00e9rents s\u00e9jours de tourisme ou&#8230;<\/p>\n","protected":false},"author":1,"featured_media":5311,"parent":0,"menu_order":0,"comment_status":"closed","ping_status":"closed","template":"","meta":[],"yoast_head":"<!-- This site is optimized with the Yoast SEO plugin v17.2.1 - https:\/\/yoast.com\/wordpress\/plugins\/seo\/ -->\n<title>Spa et bien-\u00eatre - Hotel du Commerce Restaurant Hotel Saint Gaudens Hotel Pyr\u00e9n\u00e9es<\/title>\n<meta name=\"description\" content=\"L\u2019h\u00f4tel du commerce \u00e0 St-Gaudens un h\u00f4tel *** restaurant et Spa touristique de charme et de caract\u00e8re en Haute-Garonne Midi Pyr\u00e9n\u00e9es. R\u00e9servez une chambre\" \/>\n<meta name=\"robots\" content=\"index, follow, max-snippet:-1, max-image-preview:large, max-video-preview:-1\" \/>\n<link rel=\"canonical\" href=\"https:\/\/www.commerce31.com\/new\/spa-et-bien-etre\/\" \/>\n<meta property=\"og:locale\" content=\"fr_FR\" \/>\n<meta property=\"og:type\" content=\"article\" \/>\n<meta property=\"og:title\" content=\"Spa et bien-\u00eatre - Hotel du Commerce Restaurant Hotel Saint Gaudens Hotel Pyr\u00e9n\u00e9es\" \/>\n<meta property=\"og:description\" content=\"L\u2019h\u00f4tel du commerce \u00e0 St-Gaudens un h\u00f4tel *** restaurant et Spa touristique de charme et de caract\u00e8re en Haute-Garonne Midi Pyr\u00e9n\u00e9es. R\u00e9servez une chambre\" \/>\n<meta property=\"og:url\" content=\"https:\/\/www.commerce31.com\/new\/spa-et-bien-etre\/\" \/>\n<meta property=\"og:site_name\" content=\"Hotel du Commerce Restaurant Hotel Saint Gaudens Hotel Pyr\u00e9n\u00e9es\" \/>\n<meta property=\"article:modified_time\" content=\"2023-11-23T08:39:15+00:00\" \/>\n<meta property=\"og:image\" content=\"https:\/\/www.commerce31.com\/new\/wp-content\/uploads\/2019\/04\/spa2.jpg\" \/>\n\t<meta property=\"og:image:width\" content=\"1280\" \/>\n\t<meta property=\"og:image:height\" content=\"720\" \/>\n<meta name=\"twitter:card\" content=\"summary_large_image\" \/>\n<meta name=\"twitter:label1\" content=\"Dur\u00e9e de lecture estim\u00e9e\" \/>\n\t<meta name=\"twitter:data1\" content=\"1 minute\" \/>\n<script type=\"application\/ld+json\" class=\"yoast-schema-graph\">{\"@context\":\"https:\/\/schema.org\",\"@graph\":[{\"@type\":\"WebSite\",\"@id\":\"https:\/\/www.commerce31.com\/new\/#website\",\"url\":\"https:\/\/www.commerce31.com\/new\/\",\"name\":\"Hotel du Commerce Restaurant Hotel Saint Gaudens Hotel Pyr\\u00e9n\\u00e9es\",\"description\":\"L\\u2019hotel du commerce est un hotel touristique de charme et caractere en haute garonne midi pyrenees\",\"potentialAction\":[{\"@type\":\"SearchAction\",\"target\":{\"@type\":\"EntryPoint\",\"urlTemplate\":\"https:\/\/www.commerce31.com\/new\/?s={search_term_string}\"},\"query-input\":\"required name=search_term_string\"}],\"inLanguage\":\"fr-FR\"},{\"@type\":\"ImageObject\",\"@id\":\"https:\/\/www.commerce31.com\/new\/spa-et-bien-etre\/#primaryimage\",\"inLanguage\":\"fr-FR\",\"url\":\"https:\/\/www.commerce31.com\/new\/wp-content\/uploads\/2019\/04\/spa2.jpg\",\"contentUrl\":\"https:\/\/www.commerce31.com\/new\/wp-content\/uploads\/2019\/04\/spa2.jpg\",\"width\":1280,\"height\":720},{\"@type\":\"WebPage\",\"@id\":\"https:\/\/www.commerce31.com\/new\/spa-et-bien-etre\/#webpage\",\"url\":\"https:\/\/www.commerce31.com\/new\/spa-et-bien-etre\/\",\"name\":\"Spa et bien-\\u00eatre - Hotel du Commerce Restaurant Hotel Saint Gaudens Hotel Pyr\\u00e9n\\u00e9es\",\"isPartOf\":{\"@id\":\"https:\/\/www.commerce31.com\/new\/#website\"},\"primaryImageOfPage\":{\"@id\":\"https:\/\/www.commerce31.com\/new\/spa-et-bien-etre\/#primaryimage\"},\"datePublished\":\"2019-04-24T07:36:15+00:00\",\"dateModified\":\"2023-11-23T08:39:15+00:00\",\"description\":\"L\\u2019h\\u00f4tel du commerce \\u00e0 St-Gaudens un h\\u00f4tel *** restaurant et Spa touristique de charme et de caract\\u00e8re en Haute-Garonne Midi Pyr\\u00e9n\\u00e9es. R\\u00e9servez une chambre\",\"breadcrumb\":{\"@id\":\"https:\/\/www.commerce31.com\/new\/spa-et-bien-etre\/#breadcrumb\"},\"inLanguage\":\"fr-FR\",\"potentialAction\":[{\"@type\":\"ReadAction\",\"target\":[\"https:\/\/www.commerce31.com\/new\/spa-et-bien-etre\/\"]}]},{\"@type\":\"BreadcrumbList\",\"@id\":\"https:\/\/www.commerce31.com\/new\/spa-et-bien-etre\/#breadcrumb\",\"itemListElement\":[{\"@type\":\"ListItem\",\"position\":1,\"name\":\"Accueil\",\"item\":\"https:\/\/www.commerce31.com\/new\/\"},{\"@type\":\"ListItem\",\"position\":2,\"name\":\"Spa et bien-\\u00eatre\"}]}]}<\/script>\n<!-- \/ Yoast SEO plugin. -->","yoast_head_json":{"title":"Spa et bien-\u00eatre - Hotel du Commerce Restaurant Hotel Saint Gaudens Hotel Pyr\u00e9n\u00e9es","description":"L\u2019h\u00f4tel du commerce \u00e0 St-Gaudens un h\u00f4tel *** restaurant et Spa touristique de charme et de caract\u00e8re en Haute-Garonne Midi Pyr\u00e9n\u00e9es. R\u00e9servez une chambre","robots":{"index":"index","follow":"follow","max-snippet":"max-snippet:-1","max-image-preview":"max-image-preview:large","max-video-preview":"max-video-preview:-1"},"canonical":"https:\/\/www.commerce31.com\/new\/spa-et-bien-etre\/","og_locale":"fr_FR","og_type":"article","og_title":"Spa et bien-\u00eatre - Hotel du Commerce Restaurant Hotel Saint Gaudens Hotel Pyr\u00e9n\u00e9es","og_description":"L\u2019h\u00f4tel du commerce \u00e0 St-Gaudens un h\u00f4tel *** restaurant et Spa touristique de charme et de caract\u00e8re en Haute-Garonne Midi Pyr\u00e9n\u00e9es. R\u00e9servez une chambre","og_url":"https:\/\/www.commerce31.com\/new\/spa-et-bien-etre\/","og_site_name":"Hotel du Commerce Restaurant Hotel Saint Gaudens Hotel Pyr\u00e9n\u00e9es","article_modified_time":"2023-11-23T08:39:15+00:00","og_image":[{"width":1280,"height":720,"url":"https:\/\/www.commerce31.com\/new\/wp-content\/uploads\/2019\/04\/spa2.jpg","path":"\/home\/commercerx\/www\/new\/wp-content\/uploads\/2019\/04\/spa2.jpg","size":"full","id":5311,"alt":"","pixels":921600,"type":"image\/jpeg"}],"twitter_card":"summary_large_image","twitter_misc":{"Dur\u00e9e de lecture estim\u00e9e":"1 minute"},"schema":{"@context":"https:\/\/schema.org","@graph":[{"@type":"WebSite","@id":"https:\/\/www.commerce31.com\/new\/#website","url":"https:\/\/www.commerce31.com\/new\/","name":"Hotel du Commerce Restaurant Hotel Saint Gaudens Hotel Pyr\u00e9n\u00e9es","description":"L\u2019hotel du commerce est un hotel touristique de charme et caractere en haute garonne midi pyrenees","potentialAction":[{"@type":"SearchAction","target":{"@type":"EntryPoint","urlTemplate":"https:\/\/www.commerce31.com\/new\/?s={search_term_string}"},"query-input":"required name=search_term_string"}],"inLanguage":"fr-FR"},{"@type":"ImageObject","@id":"https:\/\/www.commerce31.com\/new\/spa-et-bien-etre\/#primaryimage","inLanguage":"fr-FR","url":"https:\/\/www.commerce31.com\/new\/wp-content\/uploads\/2019\/04\/spa2.jpg","contentUrl":"https:\/\/www.commerce31.com\/new\/wp-content\/uploads\/2019\/04\/spa2.jpg","width":1280,"height":720},{"@type":"WebPage","@id":"https:\/\/www.commerce31.com\/new\/spa-et-bien-etre\/#webpage","url":"https:\/\/www.commerce31.com\/new\/spa-et-bien-etre\/","name":"Spa et bien-\u00eatre - Hotel du Commerce Restaurant Hotel Saint Gaudens Hotel Pyr\u00e9n\u00e9es","isPartOf":{"@id":"https:\/\/www.commerce31.com\/new\/#website"},"primaryImageOfPage":{"@id":"https:\/\/www.commerce31.com\/new\/spa-et-bien-etre\/#primaryimage"},"datePublished":"2019-04-24T07:36:15+00:00","dateModified":"2023-11-23T08:39:15+00:00","description":"L\u2019h\u00f4tel du commerce \u00e0 St-Gaudens un h\u00f4tel *** restaurant et Spa touristique de charme et de caract\u00e8re en Haute-Garonne Midi Pyr\u00e9n\u00e9es. R\u00e9servez une chambre","breadcrumb":{"@id":"https:\/\/www.commerce31.com\/new\/spa-et-bien-etre\/#breadcrumb"},"inLanguage":"fr-FR","potentialAction":[{"@type":"ReadAction","target":["https:\/\/www.commerce31.com\/new\/spa-et-bien-etre\/"]}]},{"@type":"BreadcrumbList","@id":"https:\/\/www.commerce31.com\/new\/spa-et-bien-etre\/#breadcrumb","itemListElement":[{"@type":"ListItem","position":1,"name":"Accueil","item":"https:\/\/www.commerce31.com\/new\/"},{"@type":"ListItem","position":2,"name":"Spa et bien-\u00eatre"}]}]}},"_links":{"self":[{"href":"https:\/\/www.commerce31.com\/new\/wp-json\/wp\/v2\/pages\/5696"}],"collection":[{"href":"https:\/\/www.commerce31.com\/new\/wp-json\/wp\/v2\/pages"}],"about":[{"href":"https:\/\/www.commerce31.com\/new\/wp-json\/wp\/v2\/types\/page"}],"author":[{"embeddable":true,"href":"https:\/\/www.commerce31.com\/new\/wp-json\/wp\/v2\/users\/1"}],"replies":[{"embeddable":true,"href":"https:\/\/www.commerce31.com\/new\/wp-json\/wp\/v2\/comments?post=5696"}],"version-history":[{"count":15,"href":"https:\/\/www.commerce31.com\/new\/wp-json\/wp\/v2\/pages\/5696\/revisions"}],"predecessor-version":[{"id":6522,"href":"https:\/\/www.commerce31.com\/new\/wp-json\/wp\/v2\/pages\/5696\/revisions\/6522"}],"wp:featuredmedia":[{"embeddable":true,"href":"https:\/\/www.commerce31.com\/new\/wp-json\/wp\/v2\/media\/5311"}],"wp:attachment":[{"href":"https:\/\/www.commerce31.com\/new\/wp-json\/wp\/v2\/media?parent=5696"}],"curies":[{"name":"wp","href":"https:\/\/api.w.org\/{rel}","templated":true}]}}