{"id":5753,"date":"2019-04-24T09:36:15","date_gmt":"2019-04-24T07:36:15","guid":{"rendered":"http:\/\/www.commerce31.comspa-et-bien-etre\/"},"modified":"2023-11-23T09:52:49","modified_gmt":"2023-11-23T08:52:49","slug":"spa-et-bien-etre","status":"publish","type":"page","link":"https:\/\/www.commerce31.com\/new\/spa-et-bien-etre\/?lang=en","title":{"rendered":"Spa et bien-\u00eatre"},"content":{"rendered":"<p>[vc_row full_width=\u00a0\u00bbstretch_row\u00a0\u00bb parallax=\u00a0\u00bbcontent-moving\u00a0\u00bb parallax_image=\u00a0\u00bb5518&Prime; enable_overlay=\u00a0\u00bbtrue\u00a0\u00bb bg_overlay=\u00a0\u00bbrgba(0,0,0,0.2)\u00a0\u00bb css=\u00a0\u00bb.vc_custom_1555341525267{padding-top: 150px !important;padding-bottom: 80px !important;}\u00a0\u00bb][vc_column]<div class=\"awe-special-heading text-center\" style=\"color:#ffffff;\"><h2 class=title>Spa &amp; Wellness Centre<\/h2><\/div>[\/vc_column][\/vc_row][vc_row][vc_column][\/vc_column][\/vc_row][vc_row][vc_column width=\u00a0\u00bb1\/2&Prime;]<div class=\"awe-special-heading text-left\"><h3 class=title>A haven of rest and relaxation at the hotel!<\/h3><\/div>[vc_column_text size=\u00a0\u00bb0&Prime;]<strong>Get away from it all and recharge your batteries in the Pyr\u00e9n\u00e9es throughout the year!<\/strong><br \/>\nWelcome to your very own peaceful haven in the heart of Saint-Gaudens\u2026The H\u00f4tel Du Commerce is the perfect place for a well-deserved rest during your holidays and business trips.<\/p>\n<p>Make the most of our new spa area and the Barousse valley\u2019s vibrant waters after a hard day working, hiking in the green Comminges or skiing. On the agenda: Jacuzzi, Turkish bath, Finnish sauna, tropical bithermal and bithermal sequential showers, colour therapy, gym etc[\/vc_column_text][\/vc_column][vc_column width=\u00a0\u00bb1\/2&Prime;][vc_gallery interval=\u00a0\u00bb3&Prime; images=\u00a0\u00bb5312,5311,5310,5309&Prime; img_size=\u00a0\u00bbfull\u00a0\u00bb][vc_column_text size=\u00a0\u00bb0&Prime;]<\/p>\n<table>\n<tbody>\n<tr>\n<td>Customers present at the hotel or restaurant<br \/>\nSpa Access <strong> 2h<\/strong><\/td>\n<td>\n<h3 style=\"text-align: right;\"><span style=\"color: #755f50;\">20.00\u20ac<\/span><\/h3>\n<\/td>\n<\/tr>\n<tr>\n<td>External clients<br \/>\nSpa Access <strong> 2h<\/strong><\/td>\n<td>\n<h3 style=\"text-align: right;\"><span style=\"color: #755f50;\">25.00\u20ac<\/span><\/h3>\n<\/td>\n<\/tr>\n<tr>\n<td>Hawa\u00efen massage &amp; spa<\/td>\n<td>\n<h3 style=\"text-align: right;\"><span style=\"color: #755f50;\">85.00\u20ac<\/span><\/h3>\n<\/td>\n<\/tr>\n<\/tbody>\n<\/table>\n<p>[\/vc_column_text][\/vc_column][\/vc_row][vc_row][vc_column][\/vc_column][\/vc_row][vc_row][vc_column][vc_empty_space height=\u00a0\u00bb50&Prime;][\/vc_column][\/vc_row][vc_row full_width=\u00a0\u00bbstretch_row\u00a0\u00bb video_bg=\u00a0\u00bbyes\u00a0\u00bb video_bg_url=\u00a0\u00bbhttps:\/\/vimeo.com\/329321680&Prime; css=\u00a0\u00bb.vc_custom_1556472109487{background-image: url(http:\/\/www.commerce31.com\/new\/wp-content\/uploads\/2019\/04\/hotel4.jpg?id=5283) !important;background-position: center !important;background-repeat: no-repeat !important;background-size: cover !important;}\u00a0\u00bb][vc_column][vc_empty_space height=\u00a0\u00bb50&Prime;][vc_row_inner][vc_column_inner width=\u00a0\u00bb1\/3&Prime; offset=\u00a0\u00bbvc_col-lg-4&Prime;][\/vc_column_inner][vc_column_inner width=\u00a0\u00bb1\/3&Prime; css=\u00a0\u00bb.vc_custom_1555405629969{background-color: rgba(255,255,255,0.88) !important;*background-color: rgb(255,255,255) !important;}\u00a0\u00bb][vc_empty_space height=\u00a0\u00bb5px\u00a0\u00bb]<div class=\"awe-special-heading text-center\" style=\"color:#a09065;\"><h2 class=title>Special offer<\/h2><\/div><div class=\"awe-special-heading text-center\"><h3 style=\"font-size:22px\" class=title>Wellness package<\/h3><\/div>[vc_column_text size=\u00a0\u00bb0&Prime;]<\/p>\n<h1 style=\"text-align: center;\">-20%<\/h1>\n<h2 style=\"text-align: center;\">20 \u20ac \/ pers<\/h2>\n<h4 style=\"text-align: center;\">Customers present at the hotel or restaurant<br \/>\nSpa Access <strong> 2h<\/strong><\/h4>\n<p>[\/vc_column_text]<div class=\"awe-btn-container awe-btn-center\"><a class=\"awe-btn awe-btn-large awe-btn-default\" href=\"https:\/\/www.contact-hotel.com\/reserver-hotel-france\/1064\/hotel-du-commerce-saint-gaudens.htm\" title=\"\" style=\"background-color:#000000;border-color:#000000\">Booking<\/a><\/div>[vc_empty_space height=\u00a0\u00bb15px\u00a0\u00bb][\/vc_column_inner][vc_column_inner width=\u00a0\u00bb1\/3&Prime;][\/vc_column_inner][\/vc_row_inner][vc_empty_space height=\u00a0\u00bb50&Prime;][\/vc_column][\/vc_row]<\/p>\n","protected":false},"excerpt":{"rendered":"<p>[vc_row full_width=\u00a0\u00bbstretch_row\u00a0\u00bb parallax=\u00a0\u00bbcontent-moving\u00a0\u00bb parallax_image=\u00a0\u00bb5518&Prime; enable_overlay=\u00a0\u00bbtrue\u00a0\u00bb bg_overlay=\u00a0\u00bbrgba(0,0,0,0.2)\u00a0\u00bb css=\u00a0\u00bb.vc_custom_1555341525267{padding-top: 150px !important;padding-bottom: 80px !important;}\u00a0\u00bb][vc_column][\/vc_column][\/vc_row][vc_row][vc_column][\/vc_column][\/vc_row][vc_row][vc_column width=\u00a0\u00bb1\/2&Prime;][vc_column_text size=\u00a0\u00bb0&Prime;]Get away from it all and recharge your batteries in the Pyr\u00e9n\u00e9es throughout the year! Welcome to your very own peaceful haven in the heart of Saint-Gaudens\u2026The H\u00f4tel Du Commerce is the perfect place for a well-deserved rest during your holidays and business&#8230;<\/p>\n","protected":false},"author":1,"featured_media":5754,"parent":0,"menu_order":0,"comment_status":"closed","ping_status":"closed","template":"","meta":[],"yoast_head":"<!-- This site is optimized with the Yoast SEO plugin v17.2.1 - https:\/\/yoast.com\/wordpress\/plugins\/seo\/ -->\n<title>Spa et bien-\u00eatre - Hotel du Commerce Restaurant Hotel Saint Gaudens Hotel Pyr\u00e9n\u00e9es<\/title>\n<meta name=\"robots\" content=\"index, follow, max-snippet:-1, max-image-preview:large, max-video-preview:-1\" \/>\n<link rel=\"canonical\" href=\"https:\/\/www.commerce31.com\/new\/spa-et-bien-etre\/\" \/>\n<meta property=\"og:locale\" content=\"fr_FR\" \/>\n<meta property=\"og:type\" content=\"article\" \/>\n<meta property=\"og:title\" content=\"Spa et bien-\u00eatre - Hotel du Commerce Restaurant Hotel Saint Gaudens Hotel Pyr\u00e9n\u00e9es\" \/>\n<meta property=\"og:description\" content=\"[vc_row full_width=\u00a0\u00bbstretch_row\u00a0\u00bb parallax=\u00a0\u00bbcontent-moving\u00a0\u00bb parallax_image=\u00a0\u00bb5518&Prime; enable_overlay=\u00a0\u00bbtrue\u00a0\u00bb bg_overlay=\u00a0\u00bbrgba(0,0,0,0.2)\u00a0\u00bb css=\u00a0\u00bb.vc_custom_1555341525267{padding-top: 150px !important;padding-bottom: 80px !important;}\u00a0\u00bb][vc_column][\/vc_column][\/vc_row][vc_row][vc_column][\/vc_column][\/vc_row][vc_row][vc_column width=\u00a0\u00bb1\/2&Prime;][vc_column_text size=\u00a0\u00bb0&Prime;]Get away from it all and recharge your batteries in the Pyr\u00e9n\u00e9es throughout the year! Welcome to your very own peaceful haven in the heart of Saint-Gaudens\u2026The H\u00f4tel Du Commerce is the perfect place for a well-deserved rest during your holidays and business...\" \/>\n<meta property=\"og:url\" content=\"https:\/\/www.commerce31.com\/new\/spa-et-bien-etre\/?lang=en\" \/>\n<meta property=\"og:site_name\" content=\"Hotel du Commerce Restaurant Hotel Saint Gaudens Hotel Pyr\u00e9n\u00e9es\" \/>\n<meta property=\"article:modified_time\" content=\"2023-11-23T08:52:49+00:00\" \/>\n<meta property=\"og:image\" content=\"https:\/\/www.commerce31.com\/new\/wp-content\/uploads\/2019\/04\/spa2.jpg\" \/>\n\t<meta property=\"og:image:width\" content=\"1280\" \/>\n\t<meta property=\"og:image:height\" content=\"720\" \/>\n<meta name=\"twitter:card\" content=\"summary_large_image\" \/>\n<meta name=\"twitter:label1\" content=\"Dur\u00e9e de lecture estim\u00e9e\" \/>\n\t<meta name=\"twitter:data1\" content=\"1 minute\" \/>\n<script type=\"application\/ld+json\" class=\"yoast-schema-graph\">{\"@context\":\"https:\/\/schema.org\",\"@graph\":[{\"@type\":\"WebSite\",\"@id\":\"https:\/\/www.commerce31.com\/new\/#website\",\"url\":\"https:\/\/www.commerce31.com\/new\/\",\"name\":\"Hotel du Commerce Restaurant Hotel Saint Gaudens Hotel Pyr\\u00e9n\\u00e9es\",\"description\":\"L\\u2019hotel du commerce est un hotel touristique de charme et caractere en haute garonne midi pyrenees\",\"potentialAction\":[{\"@type\":\"SearchAction\",\"target\":{\"@type\":\"EntryPoint\",\"urlTemplate\":\"https:\/\/www.commerce31.com\/new\/?s={search_term_string}\"},\"query-input\":\"required name=search_term_string\"}],\"inLanguage\":\"fr-FR\"},{\"@type\":\"ImageObject\",\"@id\":\"https:\/\/www.commerce31.com\/new\/spa-et-bien-etre\/?lang=en#primaryimage\",\"inLanguage\":\"fr-FR\",\"url\":\"https:\/\/www.commerce31.com\/new\/wp-content\/uploads\/2019\/04\/spa2.jpg\",\"contentUrl\":\"https:\/\/www.commerce31.com\/new\/wp-content\/uploads\/2019\/04\/spa2.jpg\",\"width\":1280,\"height\":720},{\"@type\":\"WebPage\",\"@id\":\"https:\/\/www.commerce31.com\/new\/spa-et-bien-etre\/?lang=en#webpage\",\"url\":\"https:\/\/www.commerce31.com\/new\/spa-et-bien-etre\/?lang=en\",\"name\":\"Spa et bien-\\u00eatre - Hotel du Commerce Restaurant Hotel Saint Gaudens Hotel Pyr\\u00e9n\\u00e9es\",\"isPartOf\":{\"@id\":\"https:\/\/www.commerce31.com\/new\/#website\"},\"primaryImageOfPage\":{\"@id\":\"https:\/\/www.commerce31.com\/new\/spa-et-bien-etre\/?lang=en#primaryimage\"},\"datePublished\":\"2019-04-24T07:36:15+00:00\",\"dateModified\":\"2023-11-23T08:52:49+00:00\",\"breadcrumb\":{\"@id\":\"https:\/\/www.commerce31.com\/new\/spa-et-bien-etre\/?lang=en#breadcrumb\"},\"inLanguage\":\"fr-FR\",\"potentialAction\":[{\"@type\":\"ReadAction\",\"target\":[\"https:\/\/www.commerce31.com\/new\/spa-et-bien-etre\/?lang=en\"]}]},{\"@type\":\"BreadcrumbList\",\"@id\":\"https:\/\/www.commerce31.com\/new\/spa-et-bien-etre\/?lang=en#breadcrumb\",\"itemListElement\":[{\"@type\":\"ListItem\",\"position\":1,\"name\":\"Accueil\",\"item\":\"https:\/\/www.commerce31.com\/new\/\"},{\"@type\":\"ListItem\",\"position\":2,\"name\":\"Spa et bien-\\u00eatre\"}]}]}<\/script>\n<!-- \/ Yoast SEO plugin. -->","yoast_head_json":{"title":"Spa et bien-\u00eatre - Hotel du Commerce Restaurant Hotel Saint Gaudens Hotel Pyr\u00e9n\u00e9es","robots":{"index":"index","follow":"follow","max-snippet":"max-snippet:-1","max-image-preview":"max-image-preview:large","max-video-preview":"max-video-preview:-1"},"canonical":"https:\/\/www.commerce31.com\/new\/spa-et-bien-etre\/","og_locale":"fr_FR","og_type":"article","og_title":"Spa et bien-\u00eatre - Hotel du Commerce Restaurant Hotel Saint Gaudens Hotel Pyr\u00e9n\u00e9es","og_description":"[vc_row full_width=\u00a0\u00bbstretch_row\u00a0\u00bb parallax=\u00a0\u00bbcontent-moving\u00a0\u00bb parallax_image=\u00a0\u00bb5518&Prime; enable_overlay=\u00a0\u00bbtrue\u00a0\u00bb bg_overlay=\u00a0\u00bbrgba(0,0,0,0.2)\u00a0\u00bb css=\u00a0\u00bb.vc_custom_1555341525267{padding-top: 150px !important;padding-bottom: 80px !important;}\u00a0\u00bb][vc_column][\/vc_column][\/vc_row][vc_row][vc_column][\/vc_column][\/vc_row][vc_row][vc_column width=\u00a0\u00bb1\/2&Prime;][vc_column_text size=\u00a0\u00bb0&Prime;]Get away from it all and recharge your batteries in the Pyr\u00e9n\u00e9es throughout the year! Welcome to your very own peaceful haven in the heart of Saint-Gaudens\u2026The H\u00f4tel Du Commerce is the perfect place for a well-deserved rest during your holidays and business...","og_url":"https:\/\/www.commerce31.com\/new\/spa-et-bien-etre\/?lang=en","og_site_name":"Hotel du Commerce Restaurant Hotel Saint Gaudens Hotel Pyr\u00e9n\u00e9es","article_modified_time":"2023-11-23T08:52:49+00:00","og_image":[{"width":1280,"height":720,"url":"https:\/\/www.commerce31.com\/new\/wp-content\/uploads\/2019\/04\/spa2.jpg","path":"\/home\/commercerx\/www\/new\/wp-content\/uploads\/2019\/04\/spa2.jpg","size":"full","id":5754,"alt":"","pixels":921600,"type":"image\/jpeg"}],"twitter_card":"summary_large_image","twitter_misc":{"Dur\u00e9e de lecture estim\u00e9e":"1 minute"},"schema":{"@context":"https:\/\/schema.org","@graph":[{"@type":"WebSite","@id":"https:\/\/www.commerce31.com\/new\/#website","url":"https:\/\/www.commerce31.com\/new\/","name":"Hotel du Commerce Restaurant Hotel Saint Gaudens Hotel Pyr\u00e9n\u00e9es","description":"L\u2019hotel du commerce est un hotel touristique de charme et caractere en haute garonne midi pyrenees","potentialAction":[{"@type":"SearchAction","target":{"@type":"EntryPoint","urlTemplate":"https:\/\/www.commerce31.com\/new\/?s={search_term_string}"},"query-input":"required name=search_term_string"}],"inLanguage":"fr-FR"},{"@type":"ImageObject","@id":"https:\/\/www.commerce31.com\/new\/spa-et-bien-etre\/?lang=en#primaryimage","inLanguage":"fr-FR","url":"https:\/\/www.commerce31.com\/new\/wp-content\/uploads\/2019\/04\/spa2.jpg","contentUrl":"https:\/\/www.commerce31.com\/new\/wp-content\/uploads\/2019\/04\/spa2.jpg","width":1280,"height":720},{"@type":"WebPage","@id":"https:\/\/www.commerce31.com\/new\/spa-et-bien-etre\/?lang=en#webpage","url":"https:\/\/www.commerce31.com\/new\/spa-et-bien-etre\/?lang=en","name":"Spa et bien-\u00eatre - Hotel du Commerce Restaurant Hotel Saint Gaudens Hotel Pyr\u00e9n\u00e9es","isPartOf":{"@id":"https:\/\/www.commerce31.com\/new\/#website"},"primaryImageOfPage":{"@id":"https:\/\/www.commerce31.com\/new\/spa-et-bien-etre\/?lang=en#primaryimage"},"datePublished":"2019-04-24T07:36:15+00:00","dateModified":"2023-11-23T08:52:49+00:00","breadcrumb":{"@id":"https:\/\/www.commerce31.com\/new\/spa-et-bien-etre\/?lang=en#breadcrumb"},"inLanguage":"fr-FR","potentialAction":[{"@type":"ReadAction","target":["https:\/\/www.commerce31.com\/new\/spa-et-bien-etre\/?lang=en"]}]},{"@type":"BreadcrumbList","@id":"https:\/\/www.commerce31.com\/new\/spa-et-bien-etre\/?lang=en#breadcrumb","itemListElement":[{"@type":"ListItem","position":1,"name":"Accueil","item":"https:\/\/www.commerce31.com\/new\/"},{"@type":"ListItem","position":2,"name":"Spa et bien-\u00eatre"}]}]}},"_links":{"self":[{"href":"https:\/\/www.commerce31.com\/new\/wp-json\/wp\/v2\/pages\/5753"}],"collection":[{"href":"https:\/\/www.commerce31.com\/new\/wp-json\/wp\/v2\/pages"}],"about":[{"href":"https:\/\/www.commerce31.com\/new\/wp-json\/wp\/v2\/types\/page"}],"author":[{"embeddable":true,"href":"https:\/\/www.commerce31.com\/new\/wp-json\/wp\/v2\/users\/1"}],"replies":[{"embeddable":true,"href":"https:\/\/www.commerce31.com\/new\/wp-json\/wp\/v2\/comments?post=5753"}],"version-history":[{"count":15,"href":"https:\/\/www.commerce31.com\/new\/wp-json\/wp\/v2\/pages\/5753\/revisions"}],"predecessor-version":[{"id":6531,"href":"https:\/\/www.commerce31.com\/new\/wp-json\/wp\/v2\/pages\/5753\/revisions\/6531"}],"wp:featuredmedia":[{"embeddable":true,"href":"https:\/\/www.commerce31.com\/new\/wp-json\/wp\/v2\/media\/5754"}],"wp:attachment":[{"href":"https:\/\/www.commerce31.com\/new\/wp-json\/wp\/v2\/media?parent=5753"}],"curies":[{"name":"wp","href":"https:\/\/api.w.org\/{rel}","templated":true}]}}